{"id":22,"date":"2019-09-10T13:01:26","date_gmt":"2019-09-10T11:01:26","guid":{"rendered":"http:\/\/new.bretagneenscenes.com\/?page_id=22"},"modified":"2024-12-17T17:06:58","modified_gmt":"2024-12-17T16:06:58","slug":"accompagnement","status":"publish","type":"page","link":"https:\/\/www.bretagneenscenes.com\/index.php\/accompagnement\/","title":{"rendered":"L&rsquo;ACCOMPAGNEMENT"},"content":{"rendered":"\t\t<div data-elementor-type=\"wp-post\" data-elementor-id=\"22\" class=\"elementor elementor-22\">\n\t\t\t\t\t\t<div class=\"elementor-inner\">\n\t\t\t\t<div class=\"elementor-section-wrap\">\n\t\t\t\t\t\t\t\t\t<section class=\"elementor-section elementor-top-section elementor-element elementor-element-dbde7be elementor-section-boxed elementor-section-height-default elementor-section-height-default\" data-id=\"dbde7be\" data-element_type=\"section\">\n\t\t\t\t\t\t<div class=\"elementor-container elementor-column-gap-default\">\n\t\t\t\t\t\t\t<div class=\"elementor-row\">\n\t\t\t\t\t<div class=\"elementor-column elementor-col-100 elementor-top-column elementor-element elementor-element-d23beda\" data-id=\"d23beda\" data-element_type=\"column\">\n\t\t\t<div class=\"elementor-column-wrap elementor-element-populated\">\n\t\t\t\t\t\t\t<div class=\"elementor-widget-wrap\">\n\t\t\t\t\t\t<div class=\"elementor-element elementor-element-5fdfbd0 elementor-widget elementor-widget-heading\" data-id=\"5fdfbd0\" data-element_type=\"widget\" data-widget_type=\"heading.default\">\n\t\t\t\t<div class=\"elementor-widget-container\">\n\t\t\t<h2 class=\"elementor-heading-title elementor-size-default\">RENCONTRES<br>ARTISTIQUES ET PROFESSIONNELLES<\/h2>\t\t<\/div>\n\t\t\t\t<\/div>\n\t\t\t\t<div class=\"elementor-element elementor-element-749dafd elementor-widget elementor-widget-heading\" data-id=\"749dafd\" data-element_type=\"widget\" data-widget_type=\"heading.default\">\n\t\t\t\t<div class=\"elementor-widget-container\">\n\t\t\t<h2 class=\"elementor-heading-title elementor-size-default\">P<b>ROGRAMMATION <\/b><\/h2>\t\t<\/div>\n\t\t\t\t<\/div>\n\t\t\t\t<div class=\"elementor-element elementor-element-cf9eef6 elementor-widget elementor-widget-text-editor\" data-id=\"cf9eef6\" data-element_type=\"widget\" data-widget_type=\"text-editor.default\">\n\t\t\t\t<div class=\"elementor-widget-container\">\n\t\t\t\t\t\t\t\t<div class=\"elementor-text-editor elementor-clearfix\">\n\t\t\t\t<p>La programmation des Rencontres Artistiques et Professionnelles (R.A.P.) de Bretagne en Sc\u00e8ne(s) est assur\u00e9e par le Conseil d\u2019Administration de l\u2019association \u00e9largi aux adh\u00e9rents volontaires (C.A.). <span style=\"color: #e2e7e8; font-family: var( --e-global-typography-text-font-family ), Sans-serif; font-weight: var( --e-global-typography-text-font-weight );\">Par d\u00e9partement, durant l\u2019ann\u00e9e, chaque adh\u00e9rent \u00e0 Bretagne en Sc\u00e8ne(s) est consult\u00e9 afin de proposer des spectacles susceptibles d\u2019\u00eatre programm\u00e9s aux R.A.P.\u00a0\u00a0<\/span><span style=\"color: #e2e7e8; font-family: var( --e-global-typography-text-font-family ), Sans-serif; font-weight: var( --e-global-typography-text-font-weight );\">Chaque d\u00e9partement fait remonter au C.A. 3 \u00e0 5 propositions de leur territoire, vues et valid\u00e9es par au moins 2 \u00e0 3 adh\u00e9rents.\u00a0<\/span><span style=\"color: #e2e7e8; font-family: var( --e-global-typography-text-font-family ), Sans-serif; font-weight: var( --e-global-typography-text-font-weight );\">Les membres du C.A. \u00e9changent sur ces propositions, afin d\u2019\u00e9tablir la programmation au plateau, en tenant compte de la faisabilit\u00e9 technique, du planning, de l\u2019\u00e9quilibre des esth\u00e9tiques et par d\u00e9partement.<\/span><\/p>\t\t\t\t\t<\/div>\n\t\t\t\t\t\t<\/div>\n\t\t\t\t<\/div>\n\t\t\t\t\t\t<\/div>\n\t\t\t\t\t<\/div>\n\t\t<\/div>\n\t\t\t\t\t\t\t\t<\/div>\n\t\t\t\t\t<\/div>\n\t\t<\/section>\n\t\t\t\t<section class=\"elementor-section elementor-top-section elementor-element elementor-element-7a32a3a elementor-section-boxed elementor-section-height-default elementor-section-height-default\" data-id=\"7a32a3a\" data-element_type=\"section\">\n\t\t\t\t\t\t<div class=\"elementor-container elementor-column-gap-default\">\n\t\t\t\t\t\t\t<div class=\"elementor-row\">\n\t\t\t\t\t<div class=\"elementor-column elementor-col-100 elementor-top-column elementor-element elementor-element-0a0095c\" data-id=\"0a0095c\" data-element_type=\"column\">\n\t\t\t<div class=\"elementor-column-wrap elementor-element-populated\">\n\t\t\t\t\t\t\t<div class=\"elementor-widget-wrap\">\n\t\t\t\t\t\t<div class=\"elementor-element elementor-element-29512d5 elementor-widget elementor-widget-heading\" data-id=\"29512d5\" data-element_type=\"widget\" data-widget_type=\"heading.default\">\n\t\t\t\t<div class=\"elementor-widget-container\">\n\t\t\t<h2 class=\"elementor-heading-title elementor-size-default\">A + DANS LE BUS<\/h2>\t\t<\/div>\n\t\t\t\t<\/div>\n\t\t\t\t<div class=\"elementor-element elementor-element-301e1ae elementor-widget elementor-widget-text-editor\" data-id=\"301e1ae\" data-element_type=\"widget\" data-widget_type=\"text-editor.default\">\n\t\t\t\t<div class=\"elementor-widget-container\">\n\t\t\t\t\t\t\t\t<div class=\"elementor-text-editor elementor-clearfix\">\n\t\t\t\t<p>Pendant les R.A.P. sont aussi propos\u00e9es les rencontres \u00ab A + plus dans le bus \u00bb, des rendez-vous de d\u00e9couverte de projets pr\u00e9sent\u00e9s par des \u00e9quipes artistiques de Bretagne \u00e0 la recherche de r\u00e9sidences, de coproductions, de pr\u00e9achats&#8230;\u00a0 8<span style=\"color: #e2e7e8; font-family: var( --e-global-typography-text-font-family ), Sans-serif; font-weight: var( --e-global-typography-text-font-weight );\">\u00a0projets sont ainsi pr\u00e9sent\u00e9s, 2 par d\u00e9partement.\u00a0<\/span><span style=\"color: #e2e7e8; font-family: var( --e-global-typography-text-font-family ), Sans-serif; font-weight: var( --e-global-typography-text-font-weight );\">Pour \u00e9tablir le programme de ces rencontres \u00ab A + dans le bus \u00bb, les adh\u00e9rents de chaque d\u00e9partement se r\u00e9unissent entre juin et octobre de l\u2019ann\u00e9e N-1 (en partenariat avec Culture Lab 29 et le Conseil d\u00e9partemental des C\u00f4tes d\u2019Armor) afin de choisir 2 projets de compagnies et artistes issus de leur territoire.<\/span><\/p>\t\t\t\t\t<\/div>\n\t\t\t\t\t\t<\/div>\n\t\t\t\t<\/div>\n\t\t\t\t<div class=\"elementor-element elementor-element-887a1f7 elementor-button-info elementor-align-center elementor-widget elementor-widget-button\" data-id=\"887a1f7\" data-element_type=\"widget\" data-widget_type=\"button.default\">\n\t\t\t\t<div class=\"elementor-widget-container\">\n\t\t\t\t\t<div class=\"elementor-button-wrapper\">\n\t\t\t<a href=\"https:\/\/www.bretagneenscenes.com\/wp-content\/uploads\/2024\/12\/carnet-A-dans-le-bus-2025.pdf\" target=\"_blank\" class=\"elementor-button-link elementor-button elementor-size-xs\" role=\"button\">\n\t\t\t\t\t\t<span class=\"elementor-button-content-wrapper\">\n\t\t\t\t\t\t\t<span class=\"elementor-button-icon elementor-align-icon-left\">\n\t\t\t\t<i aria-hidden=\"true\" class=\"fas fa-file-pdf\"><\/i>\t\t\t<\/span>\n\t\t\t\t\t\t<span class=\"elementor-button-text\">T\u00e9l\u00e9charger la plaquette d'accompagnement 2025 A + dans le bus<\/span>\n\t\t<\/span>\n\t\t\t\t\t<\/a>\n\t\t<\/div>\n\t\t\t\t<\/div>\n\t\t\t\t<\/div>\n\t\t\t\t\t\t<\/div>\n\t\t\t\t\t<\/div>\n\t\t<\/div>\n\t\t\t\t\t\t\t\t<\/div>\n\t\t\t\t\t<\/div>\n\t\t<\/section>\n\t\t\t\t<section class=\"elementor-section elementor-top-section elementor-element elementor-element-75b1fcd elementor-section-boxed elementor-section-height-default elementor-section-height-default\" data-id=\"75b1fcd\" data-element_type=\"section\">\n\t\t\t\t\t\t<div class=\"elementor-container elementor-column-gap-default\">\n\t\t\t\t\t\t\t<div class=\"elementor-row\">\n\t\t\t\t\t<div class=\"elementor-column elementor-col-100 elementor-top-column elementor-element elementor-element-8a653ef\" data-id=\"8a653ef\" data-element_type=\"column\">\n\t\t\t<div class=\"elementor-column-wrap elementor-element-populated\">\n\t\t\t\t\t\t\t<div class=\"elementor-widget-wrap\">\n\t\t\t\t\t\t<div class=\"elementor-element elementor-element-b75387e elementor-widget elementor-widget-text-editor\" data-id=\"b75387e\" data-element_type=\"widget\" data-widget_type=\"text-editor.default\">\n\t\t\t\t<div class=\"elementor-widget-container\">\n\t\t\t\t\t\t\t\t<div class=\"elementor-text-editor elementor-clearfix\">\n\t\t\t\t<p>Il est donc conseill\u00e9 aux compagnies et artistes bretons souhaitant \u00eatre programm\u00e9s aux R.A.P. de Bretagnes en Sc\u00e8ne(s) de se rapprocher des adh\u00e9rents de l\u2019association de leur d\u00e9partement d\u2019origine, de se faire \u00ab\u00a0rep\u00e9rer\u00a0\u00bb par ces adh\u00e9rents et que ces derniers puissent voir leurs spectacles. Cette \u00ab\u00a0prise de contact\u00a0\u00bb n\u2019interdit pas de se rapprocher \u00e9galement des adh\u00e9rents des 3 autres d\u00e9partements.<\/p>\t\t\t\t\t<\/div>\n\t\t\t\t\t\t<\/div>\n\t\t\t\t<\/div>\n\t\t\t\t\t\t<\/div>\n\t\t\t\t\t<\/div>\n\t\t<\/div>\n\t\t\t\t\t\t\t\t<\/div>\n\t\t\t\t\t<\/div>\n\t\t<\/section>\n\t\t\t\t\t\t\t\t\t<\/div>\n\t\t\t<\/div>\n\t\t\t\t\t<\/div>\n\t\t","protected":false},"excerpt":{"rendered":"<p>RENCONTRESARTISTIQUES ET PROFESSIONNELLES PROGRAMMATION La programmation des Rencontres Artistiques et Professionnelles (R.A.P.) de Bretagne en Sc\u00e8ne(s) est assur\u00e9e par le Conseil d\u2019Administration de l\u2019association \u00e9largi aux adh\u00e9rents volontaires (C.A.). Par d\u00e9partement, durant l\u2019ann\u00e9e, chaque adh\u00e9rent \u00e0 Bretagne en Sc\u00e8ne(s) est<\/p>\n","protected":false},"author":2,"featured_media":0,"parent":0,"menu_order":0,"comment_status":"closed","ping_status":"closed","template":"","meta":[],"_links":{"self":[{"href":"https:\/\/www.bretagneenscenes.com\/index.php\/wp-json\/wp\/v2\/pages\/22"}],"collection":[{"href":"https:\/\/www.bretagneenscenes.com\/index.php\/wp-json\/wp\/v2\/pages"}],"about":[{"href":"https:\/\/www.bretagneenscenes.com\/index.php\/wp-json\/wp\/v2\/types\/page"}],"author":[{"embeddable":true,"href":"https:\/\/www.bretagneenscenes.com\/index.php\/wp-json\/wp\/v2\/users\/2"}],"replies":[{"embeddable":true,"href":"https:\/\/www.bretagneenscenes.com\/index.php\/wp-json\/wp\/v2\/comments?post=22"}],"version-history":[{"count":102,"href":"https:\/\/www.bretagneenscenes.com\/index.php\/wp-json\/wp\/v2\/pages\/22\/revisions"}],"predecessor-version":[{"id":2029,"href":"https:\/\/www.bretagneenscenes.com\/index.php\/wp-json\/wp\/v2\/pages\/22\/revisions\/2029"}],"wp:attachment":[{"href":"https:\/\/www.bretagneenscenes.com\/index.php\/wp-json\/wp\/v2\/media?parent=22"}],"curies":[{"name":"wp","href":"https:\/\/api.w.org\/{rel}","templated":true}]}}