{"id":69,"date":"2019-09-10T18:00:03","date_gmt":"2019-09-10T16:00:03","guid":{"rendered":"http:\/\/new.bretagneenscenes.com\/?page_id=69"},"modified":"2026-01-21T14:48:06","modified_gmt":"2026-01-21T13:48:06","slug":"accueil","status":"publish","type":"page","link":"https:\/\/www.bretagneenscenes.com\/","title":{"rendered":"BRETAGNE EN SC\u00c8NE(s)"},"content":{"rendered":"\t\t<div data-elementor-type=\"wp-post\" data-elementor-id=\"69\" class=\"elementor elementor-69\">\n\t\t\t\t\t\t<div class=\"elementor-inner\">\n\t\t\t\t<div class=\"elementor-section-wrap\">\n\t\t\t\t\t\t\t\t\t<section class=\"elementor-section elementor-top-section elementor-element elementor-element-bfd24df elementor-section-content-top elementor-section-boxed elementor-section-height-default elementor-section-height-default\" data-id=\"bfd24df\" data-element_type=\"section\">\n\t\t\t\t\t\t<div class=\"elementor-container elementor-column-gap-default\">\n\t\t\t\t\t\t\t<div class=\"elementor-row\">\n\t\t\t\t\t<div class=\"elementor-column elementor-col-100 elementor-top-column elementor-element elementor-element-e022241\" data-id=\"e022241\" data-element_type=\"column\">\n\t\t\t<div class=\"elementor-column-wrap elementor-element-populated\">\n\t\t\t\t\t\t\t<div class=\"elementor-widget-wrap\">\n\t\t\t\t\t\t<div class=\"elementor-element elementor-element-b3392ed elementor-widget elementor-widget-image\" data-id=\"b3392ed\" data-element_type=\"widget\" data-widget_type=\"image.default\">\n\t\t\t\t<div class=\"elementor-widget-container\">\n\t\t\t\t\t\t\t\t<div class=\"elementor-image\">\n\t\t\t\t\t\t\t\t\t\t\t\t<img width=\"400\" height=\"291\" src=\"https:\/\/www.bretagneenscenes.com\/wp-content\/uploads\/2019\/09\/logo_transp_400x291.png\" class=\"attachment-full size-full\" alt=\"\" loading=\"lazy\" srcset=\"https:\/\/www.bretagneenscenes.com\/wp-content\/uploads\/2019\/09\/logo_transp_400x291.png 400w, https:\/\/www.bretagneenscenes.com\/wp-content\/uploads\/2019\/09\/logo_transp_400x291-300x218.png 300w\" sizes=\"(max-width: 400px) 100vw, 400px\" \/>\t\t\t\t\t\t\t\t\t\t\t\t\t\t<\/div>\n\t\t\t\t\t\t<\/div>\n\t\t\t\t<\/div>\n\t\t\t\t<div class=\"elementor-element elementor-element-25fd7e7 animated-fast elementor-widget elementor-widget-text-editor\" data-id=\"25fd7e7\" data-element_type=\"widget\" data-settings=\"{&quot;_animation&quot;:&quot;none&quot;}\" data-widget_type=\"text-editor.default\">\n\t\t\t\t<div class=\"elementor-widget-container\">\n\t\t\t\t\t\t\t\t<div class=\"elementor-text-editor elementor-clearfix\">\n\t\t\t\t<p>La f\u00e9d\u00e9ration <strong>Bretagne en Sc\u00e8ne[s]<\/strong>&nbsp;est une association de loi 1901 cr\u00e9\u00e9e le 23 janvier 1987. Son but est de promouvoir au niveau local, d\u00e9partemental, r\u00e9gional et national toutes les formes d&rsquo;expression artistique du spectacle vivant.<br>En tissant des rencontres r\u00e9guli\u00e8res entre les structures membres, la f\u00e9d\u00e9ration permet de b\u00e2tir des projets communs et de soutenir les artistes r\u00e9gionaux en coordonnant des tourn\u00e9es et en favorisant leur promotion aupr\u00e8s des autres r\u00e9gions et du r\u00e9seau Cha\u00eenon.<br>Le r\u00e9seau Bretagne En Sc\u00e8ne[s] regroupe actuellement 64 salles de spectacles. Il a pour objectifs de : <b>mettre en relation<\/b> les professionnels sur les diff\u00e9rentes \u00e9chelles de territoire (intercommunalit\u00e9s, d\u00e9partement, pays, r\u00e9gion), <b>rep\u00e9rer et valoriser<\/b> les propositions artistiques r\u00e9gionales \u00e0 travers l\u2019organisation de rencontres annuelles et <b>soutenir<\/b> la cr\u00e9ation et la diffusion par la mutualisation des moyens des salles adh\u00e9rentes au service des \u00e9quipes artistiques.<br>Depuis 1994, la f\u00e9d\u00e9ration organise chaque ann\u00e9e une manifestation intitul\u00e9e \u00ab\u00a0Rencontres Artistiques et Professionnelles Bretagne en Sc\u00e8ne[s]\u00a0\u00bb. Son objectif est de promouvoir les productions bretonnes, permettre les \u00e9changes et favoriser la diffusion de spectacles de qualit\u00e9 \u00e0 l&rsquo;int\u00e9rieur et \u00e0 l&rsquo;ext\u00e9rieur de la r\u00e9gion.<\/p>\t\t\t\t\t<\/div>\n\t\t\t\t\t\t<\/div>\n\t\t\t\t<\/div>\n\t\t\t\t\t\t<\/div>\n\t\t\t\t\t<\/div>\n\t\t<\/div>\n\t\t\t\t\t\t\t\t<\/div>\n\t\t\t\t\t<\/div>\n\t\t<\/section>\n\t\t\t\t<section class=\"elementor-section elementor-top-section elementor-element elementor-element-47f8684 elementor-section-stretched elementor-section-boxed elementor-section-height-default elementor-section-height-default\" data-id=\"47f8684\" data-element_type=\"section\" data-settings=\"{&quot;stretch_section&quot;:&quot;section-stretched&quot;,&quot;background_background&quot;:&quot;classic&quot;,&quot;shape_divider_top&quot;:&quot;waves&quot;,&quot;shape_divider_top_negative&quot;:&quot;yes&quot;,&quot;shape_divider_bottom&quot;:&quot;waves&quot;}\">\n\t\t\t\t\t<div class=\"elementor-shape elementor-shape-top\" data-negative=\"true\">\n\t\t\t<svg xmlns=\"http:\/\/www.w3.org\/2000\/svg\" viewBox=\"0 0 1000 100\" preserveAspectRatio=\"none\">\n\t<path class=\"elementor-shape-fill\" d=\"M790.5,93.1c-59.3-5.3-116.8-18-192.6-50c-29.6-12.7-76.9-31-100.5-35.9c-23.6-4.9-52.6-7.8-75.5-5.3\n\tc-10.2,1.1-22.6,1.4-50.1,7.4c-27.2,6.3-58.2,16.6-79.4,24.7c-41.3,15.9-94.9,21.9-134,22.6C72,58.2,0,25.8,0,25.8V100h1000V65.3\n\tc0,0-51.5,19.4-106.2,25.7C839.5,97,814.1,95.2,790.5,93.1z\"\/>\n<\/svg>\t\t<\/div>\n\t\t\t\t<div class=\"elementor-shape elementor-shape-bottom\" data-negative=\"false\">\n\t\t\t<svg xmlns=\"http:\/\/www.w3.org\/2000\/svg\" viewBox=\"0 0 1000 100\" preserveAspectRatio=\"none\">\n\t<path class=\"elementor-shape-fill\" d=\"M421.9,6.5c22.6-2.5,51.5,0.4,75.5,5.3c23.6,4.9,70.9,23.5,100.5,35.7c75.8,32.2,133.7,44.5,192.6,49.7\n\tc23.6,2.1,48.7,3.5,103.4-2.5c54.7-6,106.2-25.6,106.2-25.6V0H0v30.3c0,0,72,32.6,158.4,30.5c39.2-0.7,92.8-6.7,134-22.4\n\tc21.2-8.1,52.2-18.2,79.7-24.2C399.3,7.9,411.6,7.5,421.9,6.5z\"\/>\n<\/svg>\t\t<\/div>\n\t\t\t\t\t<div class=\"elementor-container elementor-column-gap-default\">\n\t\t\t\t\t\t\t<div class=\"elementor-row\">\n\t\t\t\t\t<div class=\"elementor-column elementor-col-100 elementor-top-column elementor-element elementor-element-ae9e81d\" data-id=\"ae9e81d\" data-element_type=\"column\" data-settings=\"{&quot;background_background&quot;:&quot;classic&quot;}\">\n\t\t\t<div class=\"elementor-column-wrap elementor-element-populated\">\n\t\t\t\t\t\t\t<div class=\"elementor-widget-wrap\">\n\t\t\t\t\t\t<div class=\"elementor-element elementor-element-c597e9d elementor-widget elementor-widget-menu-anchor\" data-id=\"c597e9d\" data-element_type=\"widget\" data-widget_type=\"menu-anchor.default\">\n\t\t\t\t<div class=\"elementor-widget-container\">\n\t\t\t\t\t<div id=\"actu\" class=\"elementor-menu-anchor\"><\/div>\n\t\t\t\t<\/div>\n\t\t\t\t<\/div>\n\t\t\t\t<section class=\"elementor-section elementor-inner-section elementor-element elementor-element-e405ccb elementor-section-boxed elementor-section-height-default elementor-section-height-default\" data-id=\"e405ccb\" data-element_type=\"section\">\n\t\t\t\t\t\t<div class=\"elementor-container elementor-column-gap-default\">\n\t\t\t\t\t\t\t<div class=\"elementor-row\">\n\t\t\t\t\t<div class=\"elementor-column elementor-col-50 elementor-inner-column elementor-element elementor-element-b6a2aa5\" data-id=\"b6a2aa5\" data-element_type=\"column\">\n\t\t\t<div class=\"elementor-column-wrap elementor-element-populated\">\n\t\t\t\t\t\t\t<div class=\"elementor-widget-wrap\">\n\t\t\t\t\t\t<div class=\"elementor-element elementor-element-dd3186e elementor-widget elementor-widget-spacer\" data-id=\"dd3186e\" data-element_type=\"widget\" data-widget_type=\"spacer.default\">\n\t\t\t\t<div class=\"elementor-widget-container\">\n\t\t\t\t\t<div class=\"elementor-spacer\">\n\t\t\t<div class=\"elementor-spacer-inner\"><\/div>\n\t\t<\/div>\n\t\t\t\t<\/div>\n\t\t\t\t<\/div>\n\t\t\t\t<div class=\"elementor-element elementor-element-7db6aa2 elementor-widget__width-inherit elementor-widget elementor-widget-image\" data-id=\"7db6aa2\" data-element_type=\"widget\" data-widget_type=\"image.default\">\n\t\t\t\t<div class=\"elementor-widget-container\">\n\t\t\t\t\t\t\t\t<div class=\"elementor-image\">\n\t\t\t\t\t\t\t\t\t\t\t\t<img width=\"188\" height=\"43\" src=\"https:\/\/www.bretagneenscenes.com\/wp-content\/uploads\/2019\/09\/ACTUALITES_gris.png\" class=\"attachment-full size-full\" alt=\"\" loading=\"lazy\" \/>\t\t\t\t\t\t\t\t\t\t\t\t\t\t<\/div>\n\t\t\t\t\t\t<\/div>\n\t\t\t\t<\/div>\n\t\t\t\t<div class=\"elementor-element elementor-element-85976fa elementor-widget__width-inherit elementor-widget-mobile__width-initial elementor-widget elementor-widget-text-editor\" data-id=\"85976fa\" data-element_type=\"widget\" data-widget_type=\"text-editor.default\">\n\t\t\t\t<div class=\"elementor-widget-container\">\n\t\t\t\t\t\t\t\t<div class=\"elementor-text-editor elementor-clearfix\">\n\t\t\t\t<p><span style=\"color: #535054;\"><span style=\"color: #808080;\">Les Rencontres Artistiques et Professionnelles 2026 auront lieu <\/span><br \/>les <strong>mercredi 28 et jeudi<\/strong>\u00a0<strong>29 janvier 2026\u00a0<\/strong><\/span><span style=\"font-family: var( --e-global-typography-text-font-family ), Sans-serif; letter-spacing: 0px; color: #535054;\">\u00e0 l\u2019<strong>espace Glenmor <\/strong>de <strong>Carhaix<\/strong><\/span><span style=\"font-family: var( --e-global-typography-text-font-family ), Sans-serif; letter-spacing: 0px; color: #535054;\">.<\/span><\/p><p><span style=\"font-family: var( --e-global-typography-text-font-family ), Sans-serif; letter-spacing: 0px; color: #535054;\"><a href=\"https:\/\/www.bretagneenscenes.com\/wp-content\/uploads\/2025\/12\/BES-RAP2026.pdf\" target=\"_blank\" rel=\"noopener\">T\u00e9l\u00e9chargez le programme ici<\/a><\/span><\/p><p><a href=\"https:\/\/togetzer.com\/index.php?view=organiser&amp;slug=b6ww0f\">Vous proposez ou cherchez un covoiturage ?\u00a0<\/a><\/p>\t\t\t\t\t<\/div>\n\t\t\t\t\t\t<\/div>\n\t\t\t\t<\/div>\n\t\t\t\t<div class=\"elementor-element elementor-element-fca0acf elementor-align-right elementor-hidden-desktop elementor-hidden-tablet elementor-hidden-mobile elementor-widget elementor-widget-button\" data-id=\"fca0acf\" data-element_type=\"widget\" data-widget_type=\"button.default\">\n\t\t\t\t<div class=\"elementor-widget-container\">\n\t\t\t\t\t<div class=\"elementor-button-wrapper\">\n\t\t\t<a href=\"https:\/\/www.bretagneenscenes.com\/wp-content\/uploads\/2024\/12\/BES-RAP2025.pdf\" target=\"_blank\" class=\"elementor-button-link elementor-button elementor-size-sm\" role=\"button\">\n\t\t\t\t\t\t<span class=\"elementor-button-content-wrapper\">\n\t\t\t\t\t\t\t<span class=\"elementor-button-icon elementor-align-icon-left\">\n\t\t\t\t<i aria-hidden=\"true\" class=\"far fa-file-pdf\"><\/i>\t\t\t<\/span>\n\t\t\t\t\t\t<span class=\"elementor-button-text\">T\u00e9l\u00e9charger le programme 2025<\/span>\n\t\t<\/span>\n\t\t\t\t\t<\/a>\n\t\t<\/div>\n\t\t\t\t<\/div>\n\t\t\t\t<\/div>\n\t\t\t\t<div class=\"elementor-element elementor-element-df4c03a elementor-widget elementor-widget-spacer\" data-id=\"df4c03a\" data-element_type=\"widget\" data-widget_type=\"spacer.default\">\n\t\t\t\t<div class=\"elementor-widget-container\">\n\t\t\t\t\t<div class=\"elementor-spacer\">\n\t\t\t<div class=\"elementor-spacer-inner\"><\/div>\n\t\t<\/div>\n\t\t\t\t<\/div>\n\t\t\t\t<\/div>\n\t\t\t\t<div class=\"elementor-element elementor-element-fe15d46 elementor-align-right elementor-hidden-desktop elementor-hidden-tablet elementor-hidden-mobile elementor-widget elementor-widget-button\" data-id=\"fe15d46\" data-element_type=\"widget\" data-widget_type=\"button.default\">\n\t\t\t\t<div class=\"elementor-widget-container\">\n\t\t\t\t\t<div class=\"elementor-button-wrapper\">\n\t\t\t<a href=\"https:\/\/www.bretagneenscenes.com\/wp-content\/uploads\/2024\/12\/carnet-A-dans-le-bus-2025.pdf\" target=\"_blank\" class=\"elementor-button-link elementor-button elementor-size-sm\" role=\"button\">\n\t\t\t\t\t\t<span class=\"elementor-button-content-wrapper\">\n\t\t\t\t\t\t\t<span class=\"elementor-button-icon elementor-align-icon-left\">\n\t\t\t\t<i aria-hidden=\"true\" class=\"far fa-file-pdf\"><\/i>\t\t\t<\/span>\n\t\t\t\t\t\t<span class=\"elementor-button-text\">T\u00e9l\u00e9charger les rencontres A + dans le bus 2025<\/span>\n\t\t<\/span>\n\t\t\t\t\t<\/a>\n\t\t<\/div>\n\t\t\t\t<\/div>\n\t\t\t\t<\/div>\n\t\t\t\t\t\t<\/div>\n\t\t\t\t\t<\/div>\n\t\t<\/div>\n\t\t\t\t<div class=\"elementor-column elementor-col-50 elementor-inner-column elementor-element elementor-element-9be2035\" data-id=\"9be2035\" data-element_type=\"column\">\n\t\t\t<div class=\"elementor-column-wrap elementor-element-populated\">\n\t\t\t\t\t\t\t<div class=\"elementor-widget-wrap\">\n\t\t\t\t\t\t<div class=\"elementor-element elementor-element-3c4c644 elementor-invisible elementor-widget elementor-widget-image\" data-id=\"3c4c644\" data-element_type=\"widget\" data-settings=\"{&quot;_animation&quot;:&quot;slideInRight&quot;}\" data-widget_type=\"image.default\">\n\t\t\t\t<div class=\"elementor-widget-container\">\n\t\t\t\t\t\t\t\t<div class=\"elementor-image\">\n\t\t\t\t\t\t\t\t\t\t\t\t\t<a href=\"https:\/\/www.bretagneenscenes.com\/wp-content\/uploads\/2025\/12\/RAP2026.jpg\" data-elementor-open-lightbox=\"yes\" data-elementor-lightbox-title=\"RAP2026\" e-action-hash=\"#elementor-action%3Aaction%3Dlightbox%26settings%3DeyJpZCI6MjI1MywidXJsIjoiaHR0cHM6XC9cL3d3dy5icmV0YWduZWVuc2NlbmVzLmNvbVwvd3AtY29udGVudFwvdXBsb2Fkc1wvMjAyNVwvMTJcL1JBUDIwMjYuanBnIn0%3D\">\n\t\t\t\t\t\t\t<img width=\"212\" height=\"300\" src=\"https:\/\/www.bretagneenscenes.com\/wp-content\/uploads\/2025\/12\/RAP2026-212x300.jpg\" class=\"attachment-medium size-medium\" alt=\"\" loading=\"lazy\" srcset=\"https:\/\/www.bretagneenscenes.com\/wp-content\/uploads\/2025\/12\/RAP2026-212x300.jpg 212w, https:\/\/www.bretagneenscenes.com\/wp-content\/uploads\/2025\/12\/RAP2026.jpg 500w\" sizes=\"(max-width: 212px) 100vw, 212px\" \/>\t\t\t\t\t\t\t\t<\/a>\n\t\t\t\t\t\t\t\t\t\t\t\t\t\t<\/div>\n\t\t\t\t\t\t<\/div>\n\t\t\t\t<\/div>\n\t\t\t\t\t\t<\/div>\n\t\t\t\t\t<\/div>\n\t\t<\/div>\n\t\t\t\t\t\t\t\t<\/div>\n\t\t\t\t\t<\/div>\n\t\t<\/section>\n\t\t\t\t\t\t<\/div>\n\t\t\t\t\t<\/div>\n\t\t<\/div>\n\t\t\t\t\t\t\t\t<\/div>\n\t\t\t\t\t<\/div>\n\t\t<\/section>\n\t\t\t\t\t\t\t\t\t<\/div>\n\t\t\t<\/div>\n\t\t\t\t\t<\/div>\n\t\t","protected":false},"excerpt":{"rendered":"<p>La f\u00e9d\u00e9ration Bretagne en Sc\u00e8ne[s]&nbsp;est une association de loi 1901 cr\u00e9\u00e9e le 23 janvier 1987. Son but est de promouvoir au niveau local, d\u00e9partemental, r\u00e9gional et national toutes les formes d&rsquo;expression artistique du spectacle vivant.En tissant des rencontres r\u00e9guli\u00e8res entre<\/p>\n","protected":false},"author":2,"featured_media":0,"parent":0,"menu_order":0,"comment_status":"closed","ping_status":"closed","template":"","meta":[],"_links":{"self":[{"href":"https:\/\/www.bretagneenscenes.com\/index.php\/wp-json\/wp\/v2\/pages\/69"}],"collection":[{"href":"https:\/\/www.bretagneenscenes.com\/index.php\/wp-json\/wp\/v2\/pages"}],"about":[{"href":"https:\/\/www.bretagneenscenes.com\/index.php\/wp-json\/wp\/v2\/types\/page"}],"author":[{"embeddable":true,"href":"https:\/\/www.bretagneenscenes.com\/index.php\/wp-json\/wp\/v2\/users\/2"}],"replies":[{"embeddable":true,"href":"https:\/\/www.bretagneenscenes.com\/index.php\/wp-json\/wp\/v2\/comments?post=69"}],"version-history":[{"count":578,"href":"https:\/\/www.bretagneenscenes.com\/index.php\/wp-json\/wp\/v2\/pages\/69\/revisions"}],"predecessor-version":[{"id":2292,"href":"https:\/\/www.bretagneenscenes.com\/index.php\/wp-json\/wp\/v2\/pages\/69\/revisions\/2292"}],"wp:attachment":[{"href":"https:\/\/www.bretagneenscenes.com\/index.php\/wp-json\/wp\/v2\/media?parent=69"}],"curies":[{"name":"wp","href":"https:\/\/api.w.org\/{rel}","templated":true}]}}